{"id":7259,"date":"2017-06-09T07:58:53","date_gmt":"2017-06-09T04:58:53","guid":{"rendered":"http:\/\/new.prd.uth.gr\/discussions-papers\/"},"modified":"2018-07-19T19:18:43","modified_gmt":"2018-07-19T16:18:43","slug":"discussions-papers","status":"publish","type":"page","link":"https:\/\/www.prd.uth.gr\/en\/discussions-papers\/","title":{"rendered":"Research &#8211; Discussions Papers"},"content":{"rendered":"<p>[vc_row][vc_column width=&#8221;2\/12&#8243;][vc_single_image image=&#8221;1211&#8243; img_size=&#8221;230&#215;50&#8243;][\/vc_column][vc_column width=&#8221;9\/12&#8243;][vc_column_text font_size=&#8221;14&#8243;]<\/p>\n<p id=\"tw-target-text\" class=\"tw-data-text tw-ta tw-text-small\" dir=\"ltr\" data-placeholder=\"\u039c\u03b5\u03c4\u03ac\u03c6\u03c1\u03b1\u03c3\u03b7\"><span lang=\"en\">A series of research papers focusing on\u00a0 issues of spatial planning and development in the Greek, mainly, space.<\/span><\/p>\n<p>[\/vc_column_text][\/vc_column][\/vc_row][vc_row][vc_column]<style type=\"text\/css\" >#l_75blq3e4chonvmgrbp5u.sc_line ,#l_75blq3e4chonvmgrbp5u .sc_line {border-top:1px dashed ;}#l_75blq3e4chonvmgrbp5u {margin:0px 0 0px 0; padding:0;}<\/style><style type='text\/css'> @font-face{font-family: 'mfg'; src:url('https:\/\/www.prd.uth.gr\/wordpress\/wp-content\/themes\/thefox\/includes\/4k-icons\/icons\/4k-icons-pack03\/icons\/fonts\/mfg.eot'); src:url('https:\/\/www.prd.uth.gr\/wordpress\/wp-content\/themes\/thefox\/includes\/4k-icons\/icons\/4k-icons-pack03\/icons\/fonts\/mfg.eot?#iefix') format('embedded-opentype'), url('https:\/\/www.prd.uth.gr\/wordpress\/wp-content\/themes\/thefox\/includes\/4k-icons\/icons\/4k-icons-pack03\/icons\/fonts\/mfg.woff') format('woff'), url('https:\/\/www.prd.uth.gr\/wordpress\/wp-content\/themes\/thefox\/includes\/4k-icons\/icons\/4k-icons-pack03\/icons\/fonts\/mfg.ttf') format('truetype'), url('https:\/\/www.prd.uth.gr\/wordpress\/wp-content\/themes\/thefox\/includes\/4k-icons\/icons\/4k-icons-pack03\/icons\/fonts\/mfg.svg#oi') format('svg'); font-weight: normal; font-style: normal;}#l_75blq3e4chonvmgrbp5u .mfg-to-start:before{font-family: 'mfg'; font-weight: normal; font-style: normal;}#l_75blq3e4chonvmgrbp5u .mfg-to-start:before{content: \"\\e85c\";}<\/style>\n<style type=\"text\/css\" >#l_75blq3e4chonvmgrbp5u.rd_icon_line_l{height:25px;}#l_75blq3e4chonvmgrbp5u.rd_icon_line_l i{line-height:20px; width:20px ; font-size:20px; color: ; }#l_75blq3e4chonvmgrbp5u .sc_line{margin:10px 0 0 30px;}<\/style><div class=\"clearfix\"><\/div><div id=\"l_75blq3e4chonvmgrbp5u\"  class=\"rd_icon_line_l\"><i class=\"mfg-to-start\"><\/i><div class=\"sc_line rd_line_dashed\" ><\/div><\/div>[\/vc_column][\/vc_row][vc_row][vc_column width=&#8221;9\/12&#8243;]<style><\/style>\n\t\t\t\t\n\t\t\t\t\n\t\t<div class=\"tab-holder rd_tabs mc_rd_tabs vertical rd_vtab_1 rd_vtab_left\" style=\"margin-top:px; margin-bottom:px;\">\n\t\t\t<div class=\"tab-hold tabs-wrapper\">\n\t\t\t\t<ul id=\"tabs\" class=\"tabs\">\n\t\t\t\t\t\t\t\t\t\t\t\t\t\t<li class=\"tabli\"><a href=\"2025\">2025<\/a><\/li>\n\t\t\t\t\t\t\t\t\t\t\t\t\t\t<li class=\"tabli\"><a href=\"2023\">2023<\/a><\/li>\n\t\t\t\t\t\t\t\t\t\t\t\t\t\t<li class=\"tabli\"><a href=\"2022\">2022<\/a><\/li>\n\t\t\t\t\t\t\t\t\t\t\t\t\t\t<li class=\"tabli\"><a href=\"2021\">2021<\/a><\/li>\n\t\t\t\t\t\t\t\t\t\t\t\t\t\t<li class=\"tabli\"><a href=\"2018\">2018<\/a><\/li>\n\t\t\t\t\t\t\t\t\t\t\t\t\t\t<li class=\"tabli\"><a href=\"2017\">2017<\/a><\/li>\n\t\t\t\t\t\t\t\t\t\t\t\t\t\t<li class=\"tabli\"><a href=\"2016\">2016<\/a><\/li>\n\t\t\t\t\t\t\t\t\t\t\t\t\t\t<li class=\"tabli\"><a href=\"2015\">2015<\/a><\/li>\n\t\t\t\t\t\t\t\t\t\t\t\t\t\t<li class=\"tabli\"><a href=\"2013\">2013<\/a><\/li>\n\t\t\t\t\t\t\t\t\t\t\t\t\t\t<li class=\"tabli\"><a href=\"2012\">2012<\/a><\/li>\n\t\t\t\t\t\t\t\t\t<\/ul>\n\t\t\t\t<div class=\"tab-box tabs-container\" style=\"border: 1px solid #ecf0f1;\">\n\t\t\t\t\t\t\t<div id=\"2025\" class=\" vc_clearfix tab_content\" style=\"display: block; min-height: 100px; padding-top: 10px; border:none;\">\n\t\t\t\t\t\t<div class=\"rd_staff_posts_ctn masonry_ctn blog_1_col type07\" id=\"rp_pn944quihmglbhkrzk3k\">\n\t\t\t\t\t\n\t\t\t\t\t\n\t\t\t\t\t\t\t\t\t\t\t\n\t\t\t\t\t\t\t\t\t\t<div class=\"staff_post rd_staff_p08 ajax_post\">\n\t\t\t\t\t\t\t\t\t\t\t<div class=\"staff_post_ctn\">\n\t\t\t\t\t\t\t\t\t\t\t\t<div class=\"member-info\">   \n\t\t\t\t\t\t\t\t\t\t\t\t\t<h3><a href=\"https:\/\/www.prd.uth.gr\/en\/discussionpaper\/2025-1\/\" target=\"_blank\">[2025.1] Urbanization and Territorial Organization in pre-1990 Albania. The Connection with Contemporary Migration: A Novel Approach and a Research Agenda<\/a><\/h3>\n\t\t\t\t\t\t\t\t\t\t\t\t<\/div>\n\t\t\t\t\t\t\t\t\t\t\t<\/div>\n\t\t\t\t\t\t\t\t\t\t<\/div>\n\t\t\t\t\t\t\t\t\t\t\t\t\t\t\n\t\t\t\t\t\t\t\t\t\t<div class=\"staff_post rd_staff_p08 ajax_post\">\n\t\t\t\t\t\t\t\t\t\t\t<div class=\"staff_post_ctn\">\n\t\t\t\t\t\t\t\t\t\t\t\t<div class=\"member-info\">   \n\t\t\t\t\t\t\t\t\t\t\t\t\t<h3><a href=\"https:\/\/www.prd.uth.gr\/en\/discussionpaper\/2025-2\/\" target=\"_blank\">[2025.2] \u0397 \u03b5\u03c5\u03b5\u03bb\u03b9\u03be\u03af\u03b1 \u03ba\u03b1\u03b9 \u03b7 \u03c0\u03c1\u03bf\u03bf\u03c0\u03c4\u03b9\u03ba\u03ae \u03b4\u03b9\u03b5\u03c1\u03b5\u03cd\u03bd\u03b7\u03c3\u03b7 \u03c3\u03c4\u03b7 \u03b2\u03b9\u03bf\u03bc\u03b7\u03c7\u03b1\u03bd\u03af\u03b1 (industrial foresight) \u03c9\u03c2 \u03c0\u03bf\u03bb\u03cd\u03c4\u03b9\u03bc\u03b1 \u03b5\u03c1\u03b3\u03b1\u03bb\u03b5\u03af\u03b1 \u03c4\u03bf\u03c5 \u03c7\u03c9\u03c1\u03bf\u03c4\u03b1\u03be\u03b9\u03ba\u03bf\u03cd \u03c3\u03c7\u03b5\u03b4\u03b9\u03b1\u03c3\u03bc\u03bf\u03cd \u03b3\u03b9\u03b1 \u03c4\u03b7\u03bd \u03b1\u03bd\u03ac\u03c0\u03c4\u03c5\u03be\u03b7 \u03c4\u03c9\u03bd \u0395\u03c0\u03b9\u03c7\u03b5\u03b9\u03c1\u03b7\u03bc\u03b1\u03c4\u03b9\u03ba\u03ce\u03bd \u03a0\u03ac\u03c1\u03ba\u03c9\u03bd.<\/a><\/h3>\n\t\t\t\t\t\t\t\t\t\t\t\t<\/div>\n\t\t\t\t\t\t\t\t\t\t\t<\/div>\n\t\t\t\t\t\t\t\t\t\t<\/div>\n\t\t\t\t\t\t\t\t\t\t\t\t\t\t\n\t\t\t\t\t\t\t\t\t\t<div class=\"staff_post rd_staff_p08 ajax_post\">\n\t\t\t\t\t\t\t\t\t\t\t<div class=\"staff_post_ctn\">\n\t\t\t\t\t\t\t\t\t\t\t\t<div class=\"member-info\">   \n\t\t\t\t\t\t\t\t\t\t\t\t\t<h3><a href=\"https:\/\/www.prd.uth.gr\/en\/discussionpaper\/2025-3\/\" target=\"_blank\">[2025.3] \u03a4\u03b1 \u03c3\u03cd\u03b3\u03c7\u03c1\u03bf\u03bd\u03b1 \u03c7\u03c1\u03b7\u03bc\u03b1\u03c4\u03bf\u03b4\u03bf\u03c4\u03b9\u03ba\u03ac \u03b5\u03c1\u03b3\u03b1\u03bb\u03b5\u03af\u03b1 \u03ba\u03b1\u03b9 \u03bf \u03c1\u03cc\u03bb\u03bf\u03c2 \u03c4\u03c9\u03bd \u03a0\u03b1\u03c1\u03b1\u03c4\u03b7\u03c1\u03b7\u03c4\u03b7\u03c1\u03af\u03c9\u03bd \u0395\u03c0\u03b9\u03c7\u03b5\u03b9\u03c1\u03b7\u03bc\u03b1\u03c4\u03b9\u03ba\u03cc\u03c4\u03b7\u03c4\u03b1\u03c2 \u03b3\u03b9\u03b1 \u03c4\u03b7 \u03b4\u03b7\u03bc\u03b9\u03bf\u03c5\u03c1\u03b3\u03af\u03b1 \u03b5\u03c5\u03ad\u03bb\u03b9\u03ba\u03c4\u03c9\u03bd \u0395\u03c0\u03b9\u03c7\u03b5\u03b9\u03c1\u03b7\u03bc\u03b1\u03c4\u03b9\u03ba\u03ce\u03bd \u03a0\u03ac\u03c1\u03ba\u03c9\u03bd.<\/a><\/h3>\n\t\t\t\t\t\t\t\t\t\t\t\t<\/div>\n\t\t\t\t\t\t\t\t\t\t\t<\/div>\n\t\t\t\t\t\t\t\t\t\t<\/div>\n\t\t\t\t\t\t\t\t\t\t\t\t\t\t\t\t\t\t<\/div>\n\t\t\t\t\t<\/div>\n\t\t\t\t\t\t\t\t\t\t<div id=\"2023\" class=\" vc_clearfix tab_content\" style=\"display: block; min-height: 100px; padding-top: 10px; border:none;\">\n\t\t\t\t\t\t<div class=\"rd_staff_posts_ctn masonry_ctn blog_1_col type07\" id=\"rp_pn944quihmglbhkrzk3k\">\n\t\t\t\t\t\n\t\t\t\t\t\n\t\t\t\t\t\t\t\t\t\t\t\n\t\t\t\t\t\t\t\t\t\t<div class=\"staff_post rd_staff_p08 ajax_post\">\n\t\t\t\t\t\t\t\t\t\t\t<div class=\"staff_post_ctn\">\n\t\t\t\t\t\t\t\t\t\t\t\t<div class=\"member-info\">   \n\t\t\t\t\t\t\t\t\t\t\t\t\t<h3><a href=\"https:\/\/www.prd.uth.gr\/en\/discussionpaper\/2023-01\/\" target=\"_blank\">[2023.1] \u0397 \u03bc\u03b5\u03c4\u03b5\u03be\u03ad\u03bb\u03b9\u03be\u03b7 \u03c4\u03b7\u03c2 \u03a0\u03bf\u03bb\u03b9\u03c4\u03b9\u03ba\u03ae\u03c2 \u03a3\u03c5\u03bd\u03bf\u03c7\u03ae\u03c2 \u03c4\u03b7\u03c2 \u0395\u0395 \u03bc\u03b5\u03c4\u03ac \u03c4\u03b7 \u03c3\u03cd\u03c3\u03c4\u03b1\u03c3\u03b7 \u03c4\u03bf\u03c5 \u03a4\u03b1\u03bc\u03b5\u03af\u03bf\u03c5 \u0391\u03bd\u03ac\u03ba\u03b1\u03bc\u03c8\u03b7\u03c2<\/a><\/h3>\n\t\t\t\t\t\t\t\t\t\t\t\t<\/div>\n\t\t\t\t\t\t\t\t\t\t\t<\/div>\n\t\t\t\t\t\t\t\t\t\t<\/div>\n\t\t\t\t\t\t\t\t\t\t\t\t\t\t\t\t\t\t<\/div>\n\t\t\t\t\t<\/div>\n\t\t\t\t\t\t\t\t\t\t<div id=\"2022\" class=\" vc_clearfix tab_content\" style=\"display: block; min-height: 100px; padding-top: 10px; border:none;\">\n\t\t\t\t\t\t<div class=\"rd_staff_posts_ctn masonry_ctn blog_1_col type07\" id=\"rp_pn944quihmglbhkrzk3k\">\n\t\t\t\t\t\n\t\t\t\t\t\n\t\t\t\t\t\t\t\t\t\t\t\n\t\t\t\t\t\t\t\t\t\t<div class=\"staff_post rd_staff_p08 ajax_post\">\n\t\t\t\t\t\t\t\t\t\t\t<div class=\"staff_post_ctn\">\n\t\t\t\t\t\t\t\t\t\t\t\t<div class=\"member-info\">   \n\t\t\t\t\t\t\t\t\t\t\t\t\t<h3><a href=\"https:\/\/www.prd.uth.gr\/en\/discussionpaper\/2022-1\/\" target=\"_blank\">[2022.1] Le ch\u00f4mage des jeunes en Gr\u00e8ce durant la crise<\/a><\/h3>\n\t\t\t\t\t\t\t\t\t\t\t\t<\/div>\n\t\t\t\t\t\t\t\t\t\t\t<\/div>\n\t\t\t\t\t\t\t\t\t\t<\/div>\n\t\t\t\t\t\t\t\t\t\t\t\t\t\t\n\t\t\t\t\t\t\t\t\t\t<div class=\"staff_post rd_staff_p08 ajax_post\">\n\t\t\t\t\t\t\t\t\t\t\t<div class=\"staff_post_ctn\">\n\t\t\t\t\t\t\t\t\t\t\t\t<div class=\"member-info\">   \n\t\t\t\t\t\t\t\t\t\t\t\t\t<h3><a href=\"https:\/\/www.prd.uth.gr\/en\/discussionpaper\/2022-2\/\" target=\"_blank\">[2022.2] \u0397 \u03b4\u03b9\u03b1\u03b4\u03b9\u03ba\u03b1\u03c3\u03af\u03b1 \u03b4\u03b9\u03b1\u03c0\u03c1\u03b1\u03b3\u03bc\u03ac\u03c4\u03b5\u03c5\u03c3\u03b7\u03c2 \u03c9\u03c2 \u03bc\u03b5\u03b8\u03bf\u03b4\u03bf\u03bb\u03bf\u03b3\u03af\u03b1 \u03b1\u03bd\u03ac\u03c0\u03c4\u03c5\u03be\u03b7\u03c2 \u03c4\u03c9\u03bd \u03c0\u03b5\u03c1\u03b9\u03c6\u03b5\u03c1\u03b5\u03b9\u03ce\u03bd<\/a><\/h3>\n\t\t\t\t\t\t\t\t\t\t\t\t<\/div>\n\t\t\t\t\t\t\t\t\t\t\t<\/div>\n\t\t\t\t\t\t\t\t\t\t<\/div>\n\t\t\t\t\t\t\t\t\t\t\t\t\t\t\n\t\t\t\t\t\t\t\t\t\t<div class=\"staff_post rd_staff_p08 ajax_post\">\n\t\t\t\t\t\t\t\t\t\t\t<div class=\"staff_post_ctn\">\n\t\t\t\t\t\t\t\t\t\t\t\t<div class=\"member-info\">   \n\t\t\t\t\t\t\t\t\t\t\t\t\t<h3><a href=\"https:\/\/www.prd.uth.gr\/en\/discussionpaper\/2022-3\/\" target=\"_blank\">[2022.3] \u03a4\u03bf \u03c0\u03c1\u03cc\u03c4\u03c5\u03c0\u03bf \u03c4\u03b7\u03c2 \u03b5\u03b4\u03b1\u03c6\u03b9\u03ba\u03ae\u03c2 \u03b1\u03bd\u03ac\u03c0\u03c4\u03c5\u03be\u03b7\u03c2<\/a><\/h3>\n\t\t\t\t\t\t\t\t\t\t\t\t<\/div>\n\t\t\t\t\t\t\t\t\t\t\t<\/div>\n\t\t\t\t\t\t\t\t\t\t<\/div>\n\t\t\t\t\t\t\t\t\t\t\t\t\t\t\n\t\t\t\t\t\t\t\t\t\t<div class=\"staff_post rd_staff_p08 ajax_post\">\n\t\t\t\t\t\t\t\t\t\t\t<div class=\"staff_post_ctn\">\n\t\t\t\t\t\t\t\t\t\t\t\t<div class=\"member-info\">   \n\t\t\t\t\t\t\t\t\t\t\t\t\t<h3><a href=\"https:\/\/www.prd.uth.gr\/en\/discussionpaper\/2022-4\/\" target=\"_blank\">[2022.4] Mortalit\u00e9 et morbidit\u00e9 en Gr\u00e8ce pendant la crise<\/a><\/h3>\n\t\t\t\t\t\t\t\t\t\t\t\t<\/div>\n\t\t\t\t\t\t\t\t\t\t\t<\/div>\n\t\t\t\t\t\t\t\t\t\t<\/div>\n\t\t\t\t\t\t\t\t\t\t\t\t\t\t\t\t\t\t<\/div>\n\t\t\t\t\t<\/div>\n\t\t\t\t\t\t\t\t\t\t<div id=\"2021\" class=\" vc_clearfix tab_content\" style=\"display: block; min-height: 100px; padding-top: 10px; border:none;\">\n\t\t\t\t\t\t<div class=\"rd_staff_posts_ctn masonry_ctn blog_1_col type07\" id=\"rp_pn944quihmglbhkrzk3k\">\n\t\t\t\t\t\n\t\t\t\t\t\n\t\t\t\t\t\t\t\t\t\t\t\n\t\t\t\t\t\t\t\t\t\t<div class=\"staff_post rd_staff_p08 ajax_post\">\n\t\t\t\t\t\t\t\t\t\t\t<div class=\"staff_post_ctn\">\n\t\t\t\t\t\t\t\t\t\t\t\t<div class=\"member-info\">   \n\t\t\t\t\t\t\t\t\t\t\t\t\t<h3><a href=\"https:\/\/www.prd.uth.gr\/en\/discussionpaper\/2021-1\/\" target=\"_blank\">[2021.1] Geographies of (in)justice and the (in)effectiveness of place-based policies in Greece<\/a><\/h3>\n\t\t\t\t\t\t\t\t\t\t\t\t<\/div>\n\t\t\t\t\t\t\t\t\t\t\t<\/div>\n\t\t\t\t\t\t\t\t\t\t<\/div>\n\t\t\t\t\t\t\t\t\t\t\t\t\t\t\n\t\t\t\t\t\t\t\t\t\t<div class=\"staff_post rd_staff_p08 ajax_post\">\n\t\t\t\t\t\t\t\t\t\t\t<div class=\"staff_post_ctn\">\n\t\t\t\t\t\t\t\t\t\t\t\t<div class=\"member-info\">   \n\t\t\t\t\t\t\t\t\t\t\t\t\t<h3><a href=\"https:\/\/www.prd.uth.gr\/en\/discussionpaper\/2021-2\/\" target=\"_blank\">[2021.2] FDI spillovers and channels of transmission in the EU: The role of regional financial markets<\/a><\/h3>\n\t\t\t\t\t\t\t\t\t\t\t\t<\/div>\n\t\t\t\t\t\t\t\t\t\t\t<\/div>\n\t\t\t\t\t\t\t\t\t\t<\/div>\n\t\t\t\t\t\t\t\t\t\t\t\t\t\t\t\t\t\t<\/div>\n\t\t\t\t\t<\/div>\n\t\t\t\t\t\t\t\t\t\t<div id=\"2018\" class=\" vc_clearfix tab_content\" style=\"display: block; min-height: 100px; padding-top: 10px; border:none;\">\n\t\t\t\t\t\t<div class=\"rd_staff_posts_ctn masonry_ctn blog_1_col type07\" id=\"rp_pn944quihmglbhkrzk3k\">\n\t\t\t\t\t\n\t\t\t\t\t\n\t\t\t\t\t\t\t\t\t\t\t\n\t\t\t\t\t\t\t\t\t\t<div class=\"staff_post rd_staff_p08 ajax_post\">\n\t\t\t\t\t\t\t\t\t\t\t<div class=\"staff_post_ctn\">\n\t\t\t\t\t\t\t\t\t\t\t\t<div class=\"member-info\">   \n\t\t\t\t\t\t\t\t\t\t\t\t\t<h3><a href=\"https:\/\/www.prd.uth.gr\/en\/discussionpaper\/2018-1\/\" target=\"_blank\">[2018.1] Patras, European Cultural Capital of 2006: a lost chance in urban development and planning context for the third largest Greek city<\/a><\/h3>\n\t\t\t\t\t\t\t\t\t\t\t\t<\/div>\n\t\t\t\t\t\t\t\t\t\t\t<\/div>\n\t\t\t\t\t\t\t\t\t\t<\/div>\n\t\t\t\t\t\t\t\t\t\t\t\t\t\t\n\t\t\t\t\t\t\t\t\t\t<div class=\"staff_post rd_staff_p08 ajax_post\">\n\t\t\t\t\t\t\t\t\t\t\t<div class=\"staff_post_ctn\">\n\t\t\t\t\t\t\t\t\t\t\t\t<div class=\"member-info\">   \n\t\t\t\t\t\t\t\t\t\t\t\t\t<h3><a href=\"https:\/\/www.prd.uth.gr\/en\/discussionpaper\/2018-2\/\" target=\"_blank\">[2018.2] Reviving the historical memory and promoting the understanding among different cultures: The consolidation and transformation of two refugee settlements in central Athens.<\/a><\/h3>\n\t\t\t\t\t\t\t\t\t\t\t\t<\/div>\n\t\t\t\t\t\t\t\t\t\t\t<\/div>\n\t\t\t\t\t\t\t\t\t\t<\/div>\n\t\t\t\t\t\t\t\t\t\t\t\t\t\t\n\t\t\t\t\t\t\t\t\t\t<div class=\"staff_post rd_staff_p08 ajax_post\">\n\t\t\t\t\t\t\t\t\t\t\t<div class=\"staff_post_ctn\">\n\t\t\t\t\t\t\t\t\t\t\t\t<div class=\"member-info\">   \n\t\t\t\t\t\t\t\t\t\t\t\t\t<h3><a href=\"https:\/\/www.prd.uth.gr\/en\/discussionpaper\/2018-3\/\" target=\"_blank\">[2018.3] The inadequacy and problematic functionality of public open space in the modern Greek city and the need to overcome its deficiencies<\/a><\/h3>\n\t\t\t\t\t\t\t\t\t\t\t\t<\/div>\n\t\t\t\t\t\t\t\t\t\t\t<\/div>\n\t\t\t\t\t\t\t\t\t\t<\/div>\n\t\t\t\t\t\t\t\t\t\t\t\t\t\t\n\t\t\t\t\t\t\t\t\t\t<div class=\"staff_post rd_staff_p08 ajax_post\">\n\t\t\t\t\t\t\t\t\t\t\t<div class=\"staff_post_ctn\">\n\t\t\t\t\t\t\t\t\t\t\t\t<div class=\"member-info\">   \n\t\t\t\t\t\t\t\t\t\t\t\t\t<h3><a href=\"https:\/\/www.prd.uth.gr\/en\/discussionpaper\/2018-4\/\" target=\"_blank\">[2018.4] Mediterranean networks and the shaping of built form: a quick overview<\/a><\/h3>\n\t\t\t\t\t\t\t\t\t\t\t\t<\/div>\n\t\t\t\t\t\t\t\t\t\t\t<\/div>\n\t\t\t\t\t\t\t\t\t\t<\/div>\n\t\t\t\t\t\t\t\t\t\t\t\t\t\t\t\t\t\t<\/div>\n\t\t\t\t\t<\/div>\n\t\t\t\t\t\t\t\t\t\t<div id=\"2017\" class=\" vc_clearfix tab_content\" style=\"display: block; min-height: 100px; padding-top: 10px; border:none;\">\n\t\t\t\t\t\t<div class=\"rd_staff_posts_ctn masonry_ctn blog_1_col type07\" id=\"rp_pn944quihmglbhkrzk3k\">\n\t\t\t\t\t\n\t\t\t\t\t\n\t\t\t\t\t\t\t\t\t\t\t\n\t\t\t\t\t\t\t\t\t\t<div class=\"staff_post rd_staff_p08 ajax_post\">\n\t\t\t\t\t\t\t\t\t\t\t<div class=\"staff_post_ctn\">\n\t\t\t\t\t\t\t\t\t\t\t\t<div class=\"member-info\">   \n\t\t\t\t\t\t\t\t\t\t\t\t\t<h3><a href=\"https:\/\/www.prd.uth.gr\/en\/discussionpaper\/2017-3\/\" target=\"_blank\">[2017.3] \u03a3 - convergence revisited<\/a><\/h3>\n\t\t\t\t\t\t\t\t\t\t\t\t<\/div>\n\t\t\t\t\t\t\t\t\t\t\t<\/div>\n\t\t\t\t\t\t\t\t\t\t<\/div>\n\t\t\t\t\t\t\t\t\t\t\t\t\t\t\n\t\t\t\t\t\t\t\t\t\t<div class=\"staff_post rd_staff_p08 ajax_post\">\n\t\t\t\t\t\t\t\t\t\t\t<div class=\"staff_post_ctn\">\n\t\t\t\t\t\t\t\t\t\t\t\t<div class=\"member-info\">   \n\t\t\t\t\t\t\t\t\t\t\t\t\t<h3><a href=\"https:\/\/www.prd.uth.gr\/en\/discussionpaper\/2017-4\/\" target=\"_blank\">[2017.4] \u0394\u03b9\u03b1\u03c4\u03b7\u03c1\u03b7\u03c4\u03ad\u03b1 \u03ba\u03c4\u03ae\u03c1\u03b9\u03b1: \u03b7 \u03bd\u03bf\u03bc\u03b9\u03ba\u03ae \u03ba\u03b1\u03b9 \u03bf\u03b9\u03ba\u03bf\u03bd\u03bf\u03bc\u03b9\u03ba\u03ae \u03b2\u03ac\u03c3\u03b7 \u03c4\u03b7\u03c2 \u03c5\u03c0\u03bf\u03c7\u03c1\u03ad\u03c9\u03c3\u03b7\u03c2 \u03c0\u03b1\u03c1\u03bf\u03c7\u03ae\u03c2 \u03ba\u03c1\u03b1\u03c4\u03b9\u03ba\u03ce\u03bd \u03b5\u03bd\u03b9\u03c3\u03c7\u03cd\u03c3\u03b5\u03c9\u03bd \u03b3\u03b9\u03b1 \u03c4\u03b7\u03bd \u03b1\u03c0\u03bf\u03ba\u03b1\u03c4\u03ac\u03c3\u03c4\u03b1\u03c3\u03b7 \u03ba\u03b1\u03b9 \u03b5\u03c0\u03b1\u03bd\u03ac\u03c7\u03c1\u03b7\u03c3\u03ae \u03c4\u03bf\u03c5\u03c2<\/a><\/h3>\n\t\t\t\t\t\t\t\t\t\t\t\t<\/div>\n\t\t\t\t\t\t\t\t\t\t\t<\/div>\n\t\t\t\t\t\t\t\t\t\t<\/div>\n\t\t\t\t\t\t\t\t\t\t\t\t\t\t\t\t\t\t<\/div>\n\t\t\t\t\t<\/div>\n\t\t\t\t\t\t\t\t\t\t<div id=\"2016\" class=\" vc_clearfix tab_content\" style=\"display: block; min-height: 100px; padding-top: 10px; border:none;\">\n\t\t\t\t\t\t<div class=\"rd_staff_posts_ctn masonry_ctn blog_1_col type07\" id=\"rp_pn944quihmglbhkrzk3k\">\n\t\t\t\t\t\n\t\t\t\t\t\n\t\t\t\t\t\t\t\t\t\t\t\n\t\t\t\t\t\t\t\t\t\t<div class=\"staff_post rd_staff_p08 ajax_post\">\n\t\t\t\t\t\t\t\t\t\t\t<div class=\"staff_post_ctn\">\n\t\t\t\t\t\t\t\t\t\t\t\t<div class=\"member-info\">   \n\t\t\t\t\t\t\t\t\t\t\t\t\t<h3><a href=\"https:\/\/www.prd.uth.gr\/en\/discussionpaper\/2016-1\/\" target=\"_blank\">[2016.1] \u03a0\u03c1\u03cc\u03c4\u03b1\u03c3\u03b7 \u03a3\u03c7\u03b5\u03b4\u03af\u03bf\u03c5 \u039d\u03cc\u03bc\u03bf\u03c5 \u03b3\u03b9\u03b1 \u03c4\u03b7\u03bd \u0391\u03c0\u03bf\u03ba\u03b1\u03c4\u03ac\u03c3\u03c4\u03b1\u03c3\u03b7, \u0395\u03ba\u03c3\u03c5\u03b3\u03c7\u03c1\u03bf\u03bd\u03b9\u03c3\u03bc\u03cc \u03ba\u03b1\u03b9 \u03c4\u03b7\u03bd \u0395\u03c0\u03b1\u03bd\u03ac\u03c7\u03c1\u03b7\u03c3\u03b7 \u0395\u03b3\u03ba\u03b1\u03c4\u03b1\u03bb\u03b5\u03bb\u03b5\u03b9\u03bc\u03bc\u03ad\u03bd\u03c9\u03bd, \u039a\u03b5\u03bd\u03ce\u03bd \u03ba\u03b1\u03b9 \u0386\u03b3\u03bd\u03c9\u03c3\u03c4\u03c9\u03bd \u0399\u03b4\u03b9\u03bf\u03ba\u03c4\u03ae\u03c4\u03c9\u03bd \u039a\u03c4\u03b7\u03c1\u03af\u03c9\u03bd<\/a><\/h3>\n\t\t\t\t\t\t\t\t\t\t\t\t<\/div>\n\t\t\t\t\t\t\t\t\t\t\t<\/div>\n\t\t\t\t\t\t\t\t\t\t<\/div>\n\t\t\t\t\t\t\t\t\t\t\t\t\t\t\t\t\t\t<\/div>\n\t\t\t\t\t<\/div>\n\t\t\t\t\t\t\t\t\t\t<div id=\"2015\" class=\" vc_clearfix tab_content\" style=\"display: block; min-height: 100px; padding-top: 10px; border:none;\">\n\t\t\t\t\t\t<div class=\"rd_staff_posts_ctn masonry_ctn blog_1_col type07\" id=\"rp_pn944quihmglbhkrzk3k\">\n\t\t\t\t\t\n\t\t\t\t\t\n\t\t\t\t\t\t\t\t\t\t\t\n\t\t\t\t\t\t\t\t\t\t<div class=\"staff_post rd_staff_p08 ajax_post\">\n\t\t\t\t\t\t\t\t\t\t\t<div class=\"staff_post_ctn\">\n\t\t\t\t\t\t\t\t\t\t\t\t<div class=\"member-info\">   \n\t\t\t\t\t\t\t\t\t\t\t\t\t<h3><a href=\"https:\/\/www.prd.uth.gr\/en\/discussionpaper\/2015-1\/\" target=\"_blank\">[2015.1] Debt-led convergence in the European Union<\/a><\/h3>\n\t\t\t\t\t\t\t\t\t\t\t\t<\/div>\n\t\t\t\t\t\t\t\t\t\t\t<\/div>\n\t\t\t\t\t\t\t\t\t\t<\/div>\n\t\t\t\t\t\t\t\t\t\t\t\t\t\t\n\t\t\t\t\t\t\t\t\t\t<div class=\"staff_post rd_staff_p08 ajax_post\">\n\t\t\t\t\t\t\t\t\t\t\t<div class=\"staff_post_ctn\">\n\t\t\t\t\t\t\t\t\t\t\t\t<div class=\"member-info\">   \n\t\t\t\t\t\t\t\t\t\t\t\t\t<h3><a href=\"https:\/\/www.prd.uth.gr\/en\/discussionpaper\/dp-2015-2\/\" target=\"_blank\">[2015.2] An intervention model for the restoration and reuse of listed buildings<\/a><\/h3>\n\t\t\t\t\t\t\t\t\t\t\t\t<\/div>\n\t\t\t\t\t\t\t\t\t\t\t<\/div>\n\t\t\t\t\t\t\t\t\t\t<\/div>\n\t\t\t\t\t\t\t\t\t\t\t\t\t\t\t\t\t\t<\/div>\n\t\t\t\t\t<\/div>\n\t\t\t\t\t\t\t\t\t\t<div id=\"2013\" class=\" vc_clearfix tab_content\" style=\"display: block; min-height: 100px; padding-top: 10px; border:none;\">\n\t\t\t\t\t\t<div class=\"rd_staff_posts_ctn masonry_ctn blog_1_col type07\" id=\"rp_pn944quihmglbhkrzk3k\">\n\t\t\t\t\t\n\t\t\t\t\t\n\t\t\t\t\t\t\t\t\t\t\t\n\t\t\t\t\t\t\t\t\t\t<div class=\"staff_post rd_staff_p08 ajax_post\">\n\t\t\t\t\t\t\t\t\t\t\t<div class=\"staff_post_ctn\">\n\t\t\t\t\t\t\t\t\t\t\t\t<div class=\"member-info\">   \n\t\t\t\t\t\t\t\t\t\t\t\t\t<h3><a href=\"https:\/\/www.prd.uth.gr\/en\/discussionpaper\/2013-1\/\" target=\"_blank\">[2013.1] The Geography of Trade Relations between the EU and the ENP Countries: Emerging Patterns and Policy Recommendations<\/a><\/h3>\n\t\t\t\t\t\t\t\t\t\t\t\t<\/div>\n\t\t\t\t\t\t\t\t\t\t\t<\/div>\n\t\t\t\t\t\t\t\t\t\t<\/div>\n\t\t\t\t\t\t\t\t\t\t\t\t\t\t\n\t\t\t\t\t\t\t\t\t\t<div class=\"staff_post rd_staff_p08 ajax_post\">\n\t\t\t\t\t\t\t\t\t\t\t<div class=\"staff_post_ctn\">\n\t\t\t\t\t\t\t\t\t\t\t\t<div class=\"member-info\">   \n\t\t\t\t\t\t\t\t\t\t\t\t\t<h3><a href=\"https:\/\/www.prd.uth.gr\/en\/discussionpaper\/2013-2\/\" target=\"_blank\">[2013.2] New aspects on the industrial concentration patterns of the European Union<\/a><\/h3>\n\t\t\t\t\t\t\t\t\t\t\t\t<\/div>\n\t\t\t\t\t\t\t\t\t\t\t<\/div>\n\t\t\t\t\t\t\t\t\t\t<\/div>\n\t\t\t\t\t\t\t\t\t\t\t\t\t\t\t\t\t\t<\/div>\n\t\t\t\t\t<\/div>\n\t\t\t\t\t\t\t\t\t\t<div id=\"2012\" class=\" vc_clearfix tab_content\" style=\"display: block; min-height: 100px; padding-top: 10px; border:none;\">\n\t\t\t\t\t\t<div class=\"rd_staff_posts_ctn masonry_ctn blog_1_col type07\" id=\"rp_pn944quihmglbhkrzk3k\">\n\t\t\t\t\t\n\t\t\t\t\t\n\t\t\t\t\t\t\t\t\t\t\t\n\t\t\t\t\t\t\t\t\t\t<div class=\"staff_post rd_staff_p08 ajax_post\">\n\t\t\t\t\t\t\t\t\t\t\t<div class=\"staff_post_ctn\">\n\t\t\t\t\t\t\t\t\t\t\t\t<div class=\"member-info\">   \n\t\t\t\t\t\t\t\t\t\t\t\t\t<h3><a href=\"https:\/\/www.prd.uth.gr\/en\/discussionpaper\/2012-1\/\" target=\"_blank\">[2012.1] \u0397 \u0395\u03bb\u03bb\u03b7\u03bd\u03b9\u03ba\u03ae \u039a\u03c1\u03af\u03c3\u03b7 \u03ba\u03b1\u03b9 \u03b7 \u039a\u03c1\u03af\u03c3\u03b7 \u03c4\u03bf\u03c5 \u03a3\u03c5\u03c3\u03c4\u03ae\u03bc\u03b1\u03c4\u03bf\u03c2 \u0394\u03b9\u03b1\u03ba\u03c5\u03b2\u03ad\u03c1\u03bd\u03b7\u03c3\u03b7\u03c2 \u03c4\u03b7\u03c2 \u0395\u03c5\u03c1\u03c9\u03b6\u03ce\u03bd\u03b7\u03c2<\/a><\/h3>\n\t\t\t\t\t\t\t\t\t\t\t\t<\/div>\n\t\t\t\t\t\t\t\t\t\t\t<\/div>\n\t\t\t\t\t\t\t\t\t\t<\/div>\n\t\t\t\t\t\t\t\t\t\t\t\t\t\t\n\t\t\t\t\t\t\t\t\t\t<div class=\"staff_post rd_staff_p08 ajax_post\">\n\t\t\t\t\t\t\t\t\t\t\t<div class=\"staff_post_ctn\">\n\t\t\t\t\t\t\t\t\t\t\t\t<div class=\"member-info\">   \n\t\t\t\t\t\t\t\t\t\t\t\t\t<h3><a href=\"https:\/\/www.prd.uth.gr\/en\/discussionpaper\/2012-2\/\" target=\"_blank\">[2012.2] Integration, spatial dynamics and regional policy dilemmas in the European Union<\/a><\/h3>\n\t\t\t\t\t\t\t\t\t\t\t\t<\/div>\n\t\t\t\t\t\t\t\t\t\t\t<\/div>\n\t\t\t\t\t\t\t\t\t\t<\/div>\n\t\t\t\t\t\t\t\t\t\t\t\t\t\t\n\t\t\t\t\t\t\t\t\t\t<div class=\"staff_post rd_staff_p08 ajax_post\">\n\t\t\t\t\t\t\t\t\t\t\t<div class=\"staff_post_ctn\">\n\t\t\t\t\t\t\t\t\t\t\t\t<div class=\"member-info\">   \n\t\t\t\t\t\t\t\t\t\t\t\t\t<h3><a href=\"https:\/\/www.prd.uth.gr\/en\/discussionpaper\/2012-3\/\" target=\"_blank\">[2012.3] Proposing an Index of Domination in an international trade relation: An illustrative analysis for the trade activity conducted among the EU and the ENP countries<\/a><\/h3>\n\t\t\t\t\t\t\t\t\t\t\t\t<\/div>\n\t\t\t\t\t\t\t\t\t\t\t<\/div>\n\t\t\t\t\t\t\t\t\t\t<\/div>\n\t\t\t\t\t\t\t\t\t\t\t\t\t\t\n\t\t\t\t\t\t\t\t\t\t<div class=\"staff_post rd_staff_p08 ajax_post\">\n\t\t\t\t\t\t\t\t\t\t\t<div class=\"staff_post_ctn\">\n\t\t\t\t\t\t\t\t\t\t\t\t<div class=\"member-info\">   \n\t\t\t\t\t\t\t\t\t\t\t\t\t<h3><a href=\"https:\/\/www.prd.uth.gr\/en\/discussionpaper\/2012-4\/\" target=\"_blank\">[2012.4] The Greek olive oil market and the factors affecting it<\/a><\/h3>\n\t\t\t\t\t\t\t\t\t\t\t\t<\/div>\n\t\t\t\t\t\t\t\t\t\t\t<\/div>\n\t\t\t\t\t\t\t\t\t\t<\/div>\n\t\t\t\t\t\t\t\t\t\t\t\t\t\t\n\t\t\t\t\t\t\t\t\t\t<div class=\"staff_post rd_staff_p08 ajax_post\">\n\t\t\t\t\t\t\t\t\t\t\t<div class=\"staff_post_ctn\">\n\t\t\t\t\t\t\t\t\t\t\t\t<div class=\"member-info\">   \n\t\t\t\t\t\t\t\t\t\t\t\t\t<h3><a href=\"https:\/\/www.prd.uth.gr\/en\/discussionpaper\/2012-5\/\" target=\"_blank\">[2012.5] Fragmented Integration and Business Cycle Synchronization in the Greek Regions<\/a><\/h3>\n\t\t\t\t\t\t\t\t\t\t\t\t<\/div>\n\t\t\t\t\t\t\t\t\t\t\t<\/div>\n\t\t\t\t\t\t\t\t\t\t<\/div>\n\t\t\t\t\t\t\t\t\t\t\t\t\t\t\t\t\t\t<\/div>\n\t\t\t\t\t<\/div>\n\t\t\t\t\t\t\t\t\t\n\t\t\t\t<\/div>\n\t\t\t<\/div>\n\t\t<\/div>\n\t\t\n\t[\/vc_column][vc_column width=&#8221;3\/12&#8243;][vc_widget_sidebar sidebar_id=&#8221;thefox_res&#8221;][\/vc_column][\/vc_row]<\/p>\n","protected":false},"excerpt":{"rendered":"<p><a href=\"https:\/\/www.prd.uth.gr\/en\/discussionpaper\/dp-2015-2\/\" class=\"more\">Read more<\/a><\/p>\n","protected":false},"author":10,"featured_media":0,"parent":0,"menu_order":0,"comment_status":"closed","ping_status":"closed","template":"","meta":[],"_links":{"self":[{"href":"https:\/\/www.prd.uth.gr\/en\/wp-json\/wp\/v2\/pages\/7259"}],"collection":[{"href":"https:\/\/www.prd.uth.gr\/en\/wp-json\/wp\/v2\/pages"}],"about":[{"href":"https:\/\/www.prd.uth.gr\/en\/wp-json\/wp\/v2\/types\/page"}],"author":[{"embeddable":true,"href":"https:\/\/www.prd.uth.gr\/en\/wp-json\/wp\/v2\/users\/10"}],"replies":[{"embeddable":true,"href":"https:\/\/www.prd.uth.gr\/en\/wp-json\/wp\/v2\/comments?post=7259"}],"version-history":[{"count":0,"href":"https:\/\/www.prd.uth.gr\/en\/wp-json\/wp\/v2\/pages\/7259\/revisions"}],"wp:attachment":[{"href":"https:\/\/www.prd.uth.gr\/en\/wp-json\/wp\/v2\/media?parent=7259"}],"curies":[{"name":"wp","href":"https:\/\/api.w.org\/{rel}","templated":true}]}}